{"id":7,"date":"2024-06-21T12:18:07","date_gmt":"2024-06-21T10:18:07","guid":{"rendered":"http:\/\/mairiedekoussy.sn\/?page_id=7"},"modified":"2024-07-11T21:13:17","modified_gmt":"2024-07-11T19:13:17","slug":"la-municipalite","status":"publish","type":"page","link":"https:\/\/mairiedekoussy.sn\/index.php\/la-municipalite\/","title":{"rendered":"la municipalit\u00e9"},"content":{"rendered":"\t\t<div data-elementor-type=\"wp-page\" data-elementor-id=\"7\" class=\"elementor elementor-7\">\n\t\t\t\t<div class=\"elementor-element elementor-element-e6dcb0b e-con-full e-flex e-con e-parent\" data-id=\"e6dcb0b\" data-element_type=\"container\">\n\t\t\t\t<div class=\"elementor-element elementor-element-4b76796 elementor-widget elementor-widget-text-editor\" data-id=\"4b76796\" data-element_type=\"widget\" data-widget_type=\"text-editor.default\">\n\t\t\t\t<div class=\"elementor-widget-container\">\n\t\t\t<style>\/*! elementor - v3.22.0 - 17-06-2024 *\/\n.elementor-widget-text-editor.elementor-drop-cap-view-stacked .elementor-drop-cap{background-color:#69727d;color:#fff}.elementor-widget-text-editor.elementor-drop-cap-view-framed .elementor-drop-cap{color:#69727d;border:3px solid;background-color:transparent}.elementor-widget-text-editor:not(.elementor-drop-cap-view-default) .elementor-drop-cap{margin-top:8px}.elementor-widget-text-editor:not(.elementor-drop-cap-view-default) .elementor-drop-cap-letter{width:1em;height:1em}.elementor-widget-text-editor .elementor-drop-cap{float:left;text-align:center;line-height:1;font-size:50px}.elementor-widget-text-editor .elementor-drop-cap-letter{display:inline-block}<\/style>\t\t\t\t<div class=\"flex flex-grow flex-col max-w-full\"><div class=\"min-h-[20px] text-message flex flex-col items-start whitespace-pre-wrap break-words [.text-message+&amp;]:mt-5 juice:w-full juice:items-end overflow-x-auto gap-2\" dir=\"auto\" data-message-author-role=\"assistant\" data-message-id=\"1158b897-82a7-425e-9d4d-3471ef514989\"><div class=\"flex w-full flex-col gap-1 juice:empty:hidden juice:first:pt-[3px]\"><div class=\"markdown prose w-full break-words dark:prose-invert light\"><p><strong>Situ\u00e9e dans la r\u00e9gion de S\u00e9dhiou, Koussy est un point de convergence pour le commerce et les \u00e9changes culturels, gr\u00e2ce \u00e0 son emplacement g\u00e9ographique favorable. La commune abrite une population diversifi\u00e9e et dynamique, reconnue pour son hospitalit\u00e9 et son esprit communautaire.\u00a0 \u00a0 \u00a0 \u00a0 \u00a0 \u00a0 \u00a0 <\/strong><strong>Son \u00e9conomie repose sur l\u2019agriculture, l\u2019\u00e9levage, et le commerce, avec un potentiel touristique notable. Des projets de modernisation des infrastructures et de services sont en cours pour diversifier l&#8217;\u00e9conomie et attirer des investissements.\u00a0 \u00a0 \u00a0 \u00a0 \u00a0 \u00a0 \u00a0 \u00a0 \u00a0 \u00a0 \u00a0 \u00a0 \u00a0 \u00a0 \u00a0 \u00a0 \u00a0 \u00a0 \u00a0 \u00a0 \u00a0 \u00a0 \u00a0 \u00a0 \u00a0 \u00a0 \u00a0 \u00a0 \u00a0 \u00a0 \u00a0 \u00a0 \u00a0 \u00a0 \u00a0 \u00a0 \u00a0 \u00a0 \u00a0 \u00a0 \u00a0 \u00a0 \u00a0 \u00a0 \u00a0 \u00a0 \u00a0<\/strong><strong>Dirig\u00e9e par un conseil municipal \u00e9lu, Koussy met l\u2019accent sur la participation citoyenne et la transparence. Malgr\u00e9 les d\u00e9fis de ch\u00f4mage et de pauvret\u00e9, la municipalit\u00e9 est d\u00e9termin\u00e9e \u00e0 les surmonter par des politiques inclusives et durables, visant \u00e0 am\u00e9liorer l&#8217;\u00e9ducation, la sant\u00e9, et soutenir l&#8217;entrepreneuriat local.<\/strong><\/p><\/div><\/div><\/div><\/div>\t\t\t\t\t\t<\/div>\n\t\t\t\t<\/div>\n\t\t\t\t<\/div>\n\t\t\t\t<\/div>\n\t\t","protected":false},"excerpt":{"rendered":"<div class=\"tmnf_excerpt\"><p>Situ\u00e9e dans la r\u00e9gion de S\u00e9dhiou, Koussy est un point de convergence pour le commerce et les \u00e9changes culturels, gr\u00e2ce \u00e0 son emplacement g\u00e9ographique favorable. La commune abrite une population diversifi\u00e9e et dynamique, reconnue pour<\/p>\n<\/div><div class='heateorSssClear'><\/div><div  class='heateor_sss_sharing_container heateor_sss_horizontal_sharing' data-heateor-sss-href='https:\/\/mairiedekoussy.sn\/index.php\/la-municipalite\/'><div class='heateor_sss_sharing_title' style=\"font-weight:bold\" >Partager cet article.....<\/div><div class=\"heateor_sss_sharing_ul\"><a aria-label=\"Facebook\" class=\"heateor_sss_facebook\" href=\"https:\/\/www.facebook.com\/sharer\/sharer.php?u=https%3A%2F%2Fmairiedekoussy.sn%2Findex.php%2Fla-municipalite%2F\" title=\"Facebook\" rel=\"nofollow noopener\" target=\"_blank\" style=\"font-size:32px!important;box-shadow:none;display:inline-block;vertical-align:middle\"><span class=\"heateor_sss_svg\" style=\"background-color:#0765FE;width:20px;height:20px;border-radius:999px;display:inline-block;opacity:1;float:left;font-size:32px;box-shadow:none;display:inline-block;font-size:16px;padding:0 4px;vertical-align:middle;background-repeat:repeat;overflow:hidden;padding:0;cursor:pointer;box-sizing:content-box\"><svg style=\"display:block;border-radius:999px;\" focusable=\"false\" aria-hidden=\"true\" xmlns=\"http:\/\/www.w3.org\/2000\/svg\" width=\"100%\" height=\"100%\" viewBox=\"0 0 32 32\"><path fill=\"#fff\" d=\"M28 16c0-6.627-5.373-12-12-12S4 9.373 4 16c0 5.628 3.875 10.35 9.101 11.647v-7.98h-2.474V16H13.1v-1.58c0-4.085 1.849-5.978 5.859-5.978.76 0 2.072.15 2.608.298v3.325c-.283-.03-.775-.045-1.386-.045-1.967 0-2.728.745-2.728 2.683V16h3.92l-.673 3.667h-3.247v8.245C23.395 27.195 28 22.135 28 16Z\"><\/path><\/svg><\/span><\/a><a aria-label=\"X\" class=\"heateor_sss_button_x\" href=\"https:\/\/twitter.com\/intent\/tweet?text=la%20municipalit%C3%A9&url=https%3A%2F%2Fmairiedekoussy.sn%2Findex.php%2Fla-municipalite%2F\" title=\"X\" rel=\"nofollow noopener\" target=\"_blank\" style=\"font-size:32px!important;box-shadow:none;display:inline-block;vertical-align:middle\"><span class=\"heateor_sss_svg heateor_sss_s__default heateor_sss_s_x\" style=\"background-color:#2a2a2a;width:20px;height:20px;border-radius:999px;display:inline-block;opacity:1;float:left;font-size:32px;box-shadow:none;display:inline-block;font-size:16px;padding:0 4px;vertical-align:middle;background-repeat:repeat;overflow:hidden;padding:0;cursor:pointer;box-sizing:content-box\"><svg width=\"100%\" height=\"100%\" style=\"display:block;border-radius:999px;\" focusable=\"false\" aria-hidden=\"true\" xmlns=\"http:\/\/www.w3.org\/2000\/svg\" viewBox=\"0 0 32 32\"><path fill=\"#fff\" d=\"M21.751 7h3.067l-6.7 7.658L26 25.078h-6.172l-4.833-6.32-5.531 6.32h-3.07l7.167-8.19L6 7h6.328l4.37 5.777L21.75 7Zm-1.076 16.242h1.7L11.404 8.74H9.58l11.094 14.503Z\"><\/path><\/svg><\/span><\/a><a aria-label=\"Linkedin\" class=\"heateor_sss_button_linkedin\" href=\"https:\/\/www.linkedin.com\/sharing\/share-offsite\/?url=https%3A%2F%2Fmairiedekoussy.sn%2Findex.php%2Fla-municipalite%2F\" title=\"Linkedin\" rel=\"nofollow noopener\" target=\"_blank\" style=\"font-size:32px!important;box-shadow:none;display:inline-block;vertical-align:middle\"><span class=\"heateor_sss_svg heateor_sss_s__default heateor_sss_s_linkedin\" style=\"background-color:#0077b5;width:20px;height:20px;border-radius:999px;display:inline-block;opacity:1;float:left;font-size:32px;box-shadow:none;display:inline-block;font-size:16px;padding:0 4px;vertical-align:middle;background-repeat:repeat;overflow:hidden;padding:0;cursor:pointer;box-sizing:content-box\"><svg style=\"display:block;border-radius:999px;\" focusable=\"false\" aria-hidden=\"true\" xmlns=\"http:\/\/www.w3.org\/2000\/svg\" width=\"100%\" height=\"100%\" viewBox=\"0 0 32 32\"><path d=\"M6.227 12.61h4.19v13.48h-4.19V12.61zm2.095-6.7a2.43 2.43 0 0 1 0 4.86c-1.344 0-2.428-1.09-2.428-2.43s1.084-2.43 2.428-2.43m4.72 6.7h4.02v1.84h.058c.56-1.058 1.927-2.176 3.965-2.176 4.238 0 5.02 2.792 5.02 6.42v7.395h-4.183v-6.56c0-1.564-.03-3.574-2.178-3.574-2.18 0-2.514 1.7-2.514 3.46v6.668h-4.187V12.61z\" fill=\"#fff\"><\/path><\/svg><\/span><\/a><a aria-label=\"Whatsapp\" class=\"heateor_sss_whatsapp\" href=\"https:\/\/api.whatsapp.com\/send?text=la%20municipalit%C3%A9%20https%3A%2F%2Fmairiedekoussy.sn%2Findex.php%2Fla-municipalite%2F\" title=\"Whatsapp\" rel=\"nofollow noopener\" target=\"_blank\" style=\"font-size:32px!important;box-shadow:none;display:inline-block;vertical-align:middle\"><span class=\"heateor_sss_svg\" style=\"background-color:#55eb4c;width:20px;height:20px;border-radius:999px;display:inline-block;opacity:1;float:left;font-size:32px;box-shadow:none;display:inline-block;font-size:16px;padding:0 4px;vertical-align:middle;background-repeat:repeat;overflow:hidden;padding:0;cursor:pointer;box-sizing:content-box\"><svg style=\"display:block;border-radius:999px;\" focusable=\"false\" aria-hidden=\"true\" xmlns=\"http:\/\/www.w3.org\/2000\/svg\" width=\"100%\" height=\"100%\" viewBox=\"-6 -5 40 40\"><path class=\"heateor_sss_svg_stroke heateor_sss_no_fill\" stroke=\"#fff\" stroke-width=\"2\" fill=\"none\" d=\"M 11.579798566743314 24.396926207859085 A 10 10 0 1 0 6.808479557110079 20.73576436351046\"><\/path><path d=\"M 7 19 l -1 6 l 6 -1\" class=\"heateor_sss_no_fill heateor_sss_svg_stroke\" stroke=\"#fff\" stroke-width=\"2\" fill=\"none\"><\/path><path d=\"M 10 10 q -1 8 8 11 c 5 -1 0 -6 -1 -3 q -4 -3 -5 -5 c 4 -2 -1 -5 -1 -4\" fill=\"#fff\"><\/path><\/svg><\/span><\/a><a aria-label=\"Youtube\" class=\"heateor_sss_button_youtube\" href=\"\" title=\"Youtube\" rel=\"nofollow noopener\" target=\"_blank\" style=\"font-size:32px!important;box-shadow:none;display:inline-block;vertical-align:middle\"><span class=\"heateor_sss_svg heateor_sss_s__default heateor_sss_s_youtube\" style=\"background-color:red;width:20px;height:20px;border-radius:999px;display:inline-block;opacity:1;float:left;font-size:32px;box-shadow:none;display:inline-block;font-size:16px;padding:0 4px;vertical-align:middle;background-repeat:repeat;overflow:hidden;padding:0;cursor:pointer;box-sizing:content-box\"><svg style=\"display:block;border-radius:999px;\" focusable=\"false\" aria-hidden=\"true\" xmlns=\"http:\/\/www.w3.org\/2000\/svg\" width=\"100%\" height=\"100%\" viewBox=\"0 0 32 32\"><path fill=\"#fff\" d=\"M26.78 11.6s-.215-1.515-.875-2.183c-.837-.876-1.774-.88-2.204-.932-3.075-.222-7.693-.222-7.693-.222h-.01s-4.618 0-7.697.222c-.43.05-1.368.056-2.205.932-.66.668-.874 2.184-.874 2.184S5 13.386 5 15.166v1.67c0 1.78.22 3.56.22 3.56s.215 1.516.874 2.184c.837.875 1.936.85 2.426.94 1.76.17 7.48.22 7.48.22s4.623-.007 7.7-.23c.43-.05 1.37-.056 2.205-.932.66-.668.875-2.184.875-2.184s.22-1.78.22-3.56v-1.67c0-1.78-.22-3.56-.22-3.56zm-13.052 7.254v-6.18l5.944 3.1-5.944 3.08z\"><\/path><\/svg><\/span><\/a><a aria-label=\"Gmail\" class=\"heateor_sss_button_google_gmail\" href=\"https:\/\/mail.google.com\/mail\/?ui=2&view=cm&fs=1&tf=1&su=la%20municipalit%C3%A9&body=Link:https%3A%2F%2Fmairiedekoussy.sn%2Findex.php%2Fla-municipalite%2F\" title=\"Google Gmail\" rel=\"nofollow noopener\" target=\"_blank\" style=\"font-size:32px!important;box-shadow:none;display:inline-block;vertical-align:middle\"><span class=\"heateor_sss_svg heateor_sss_s__default heateor_sss_s_Google_Gmail\" style=\"background-color:#e5e5e5;width:20px;height:20px;border-radius:999px;display:inline-block;opacity:1;float:left;font-size:32px;box-shadow:none;display:inline-block;font-size:16px;padding:0 4px;vertical-align:middle;background-repeat:repeat;overflow:hidden;padding:0;cursor:pointer;box-sizing:content-box\"><svg style=\"display:block;border-radius:999px;\" focusable=\"false\" aria-hidden=\"true\" xmlns=\"http:\/\/www.w3.org\/2000\/svg\" width=\"100%\" height=\"100%\" viewBox=\"0 0 32 32\"><path fill=\"#fff\" d=\"M2.902 6.223h26.195v19.554H2.902z\"><\/path><path fill=\"#E14C41\" class=\"heateor_sss_no_fill\" d=\"M2.902 25.777h26.195V6.223H2.902v19.554zm22.44-4.007v3.806H6.955v-3.6h.032l.093-.034 6.9-5.558 2.09 1.77 1.854-1.63 7.42 5.246zm0-.672l-7.027-4.917 7.028-6.09V21.1zm-1.17-14.67l-.947.905c-2.356 2.284-4.693 4.75-7.17 6.876l-.078.06L8.062 6.39l16.11.033zm-10.597 9.61l-6.62 5.294.016-10.914 6.607 5.62\"><\/path><\/svg><\/span><\/a><a aria-label=\"Telegram\" class=\"heateor_sss_button_telegram\" href=\"https:\/\/telegram.me\/share\/url?url=https%3A%2F%2Fmairiedekoussy.sn%2Findex.php%2Fla-municipalite%2F&text=la%20municipalit%C3%A9\" title=\"Telegram\" rel=\"nofollow noopener\" target=\"_blank\" style=\"font-size:32px!important;box-shadow:none;display:inline-block;vertical-align:middle\"><span class=\"heateor_sss_svg heateor_sss_s__default heateor_sss_s_telegram\" style=\"background-color:#3da5f1;width:20px;height:20px;border-radius:999px;display:inline-block;opacity:1;float:left;font-size:32px;box-shadow:none;display:inline-block;font-size:16px;padding:0 4px;vertical-align:middle;background-repeat:repeat;overflow:hidden;padding:0;cursor:pointer;box-sizing:content-box\"><svg style=\"display:block;border-radius:999px;\" focusable=\"false\" aria-hidden=\"true\" xmlns=\"http:\/\/www.w3.org\/2000\/svg\" width=\"100%\" height=\"100%\" viewBox=\"0 0 32 32\"><path fill=\"#fff\" d=\"M25.515 6.896L6.027 14.41c-1.33.534-1.322 1.276-.243 1.606l5 1.56 1.72 5.66c.226.625.115.873.77.873.506 0 .73-.235 1.012-.51l2.43-2.363 5.056 3.734c.93.514 1.602.25 1.834-.863l3.32-15.638c.338-1.363-.52-1.98-1.41-1.577z\"><\/path><\/svg><\/span><\/a><a aria-label=\"Instagram\" class=\"heateor_sss_button_instagram\" href=\"https:\/\/www.instagram.com\/\" title=\"Instagram\" rel=\"nofollow noopener\" target=\"_blank\" style=\"font-size:32px!important;box-shadow:none;display:inline-block;vertical-align:middle\"><span class=\"heateor_sss_svg\" style=\"background-color:#53beee;width:20px;height:20px;border-radius:999px;display:inline-block;opacity:1;float:left;font-size:32px;box-shadow:none;display:inline-block;font-size:16px;padding:0 4px;vertical-align:middle;background-repeat:repeat;overflow:hidden;padding:0;cursor:pointer;box-sizing:content-box\"><svg style=\"display:block;border-radius:999px;\" version=\"1.1\" viewBox=\"-10 -10 148 148\" width=\"100%\" height=\"100%\" xml:space=\"preserve\" xmlns=\"http:\/\/www.w3.org\/2000\/svg\" xmlns:xlink=\"http:\/\/www.w3.org\/1999\/xlink\"><g><g><path d=\"M86,112H42c-14.336,0-26-11.663-26-26V42c0-14.337,11.664-26,26-26h44c14.337,0,26,11.663,26,26v44 C112,100.337,100.337,112,86,112z M42,24c-9.925,0-18,8.074-18,18v44c0,9.925,8.075,18,18,18h44c9.926,0,18-8.075,18-18V42 c0-9.926-8.074-18-18-18H42z\" fill=\"#fff\"><\/path><\/g><g><path d=\"M64,88c-13.234,0-24-10.767-24-24c0-13.234,10.766-24,24-24s24,10.766,24,24C88,77.233,77.234,88,64,88z M64,48c-8.822,0-16,7.178-16,16s7.178,16,16,16c8.822,0,16-7.178,16-16S72.822,48,64,48z\" fill=\"#fff\"><\/path><\/g><g><circle cx=\"89.5\" cy=\"38.5\" fill=\"#fff\" r=\"5.5\"><\/circle><\/g><\/g><\/svg><\/span><\/a><a class=\"heateor_sss_more\" title=\"More\" rel=\"nofollow noopener\" style=\"font-size: 32px!important;border:0;box-shadow:none;display:inline-block!important;font-size:16px;padding:0 4px;vertical-align: middle;display:inline;\" href=\"https:\/\/mairiedekoussy.sn\/index.php\/la-municipalite\/\" onclick=\"event.preventDefault()\"><span class=\"heateor_sss_svg\" style=\"background-color:#ee8e2d;width:20px;height:20px;border-radius:999px;display:inline-block!important;opacity:1;float:left;font-size:32px!important;box-shadow:none;display:inline-block;font-size:16px;padding:0 4px;vertical-align:middle;display:inline;background-repeat:repeat;overflow:hidden;padding:0;cursor:pointer;box-sizing:content-box;\" onclick=\"heateorSssMoreSharingPopup(this, 'https:\/\/mairiedekoussy.sn\/index.php\/la-municipalite\/', 'la%20municipalit%C3%A9', '' )\"><svg xmlns=\"http:\/\/www.w3.org\/2000\/svg\" xmlns:xlink=\"http:\/\/www.w3.org\/1999\/xlink\" viewBox=\"-.3 0 32 32\" version=\"1.1\" width=\"100%\" height=\"100%\" style=\"display:block;border-radius:999px;\" xml:space=\"preserve\"><g><path fill=\"#fff\" d=\"M18 14V8h-4v6H8v4h6v6h4v-6h6v-4h-6z\" fill-rule=\"evenodd\"><\/path><\/g><\/svg><\/span><\/a><\/div><div class=\"heateorSssClear\"><\/div><\/div><div class='heateorSssClear'><\/div>","protected":false},"author":1,"featured_media":324,"parent":0,"menu_order":0,"comment_status":"closed","ping_status":"closed","template":"","meta":{"om_disable_all_campaigns":false,"_monsterinsights_skip_tracking":false,"_monsterinsights_sitenote_active":false,"_monsterinsights_sitenote_note":"","_monsterinsights_sitenote_category":0,"footnotes":""},"class_list":["post-7","page","type-page","status-publish","has-post-thumbnail","hentry"],"aioseo_notices":[],"yoast_head":"<!-- This site is optimized with the Yoast SEO plugin v23.0 - https:\/\/yoast.com\/wordpress\/plugins\/seo\/ -->\n<title>la municipalit\u00e9 -<\/title>\n<meta name=\"robots\" content=\"index, follow, max-snippet:-1, max-image-preview:large, max-video-preview:-1\" \/>\n<link rel=\"canonical\" href=\"https:\/\/mairiedekoussy.sn\/index.php\/la-municipalite\/\" \/>\n<meta property=\"og:locale\" content=\"en_US\" \/>\n<meta property=\"og:type\" content=\"article\" \/>\n<meta property=\"og:title\" content=\"la municipalit\u00e9 -\" \/>\n<meta property=\"og:description\" content=\"Situ\u00e9e dans la r\u00e9gion de S\u00e9dhiou, Koussy est un point de convergence pour le commerce et les \u00e9changes culturels, gr\u00e2ce \u00e0 son emplacement g\u00e9ographique favorable. La commune abrite une population diversifi\u00e9e et dynamique, reconnue pour\" \/>\n<meta property=\"og:url\" content=\"https:\/\/mairiedekoussy.sn\/index.php\/la-municipalite\/\" \/>\n<meta property=\"article:publisher\" content=\"https:\/\/www.facebook.com\/share\/Vy7t9REz7w215B7N\/?mibextid=LQQJ4d\" \/>\n<meta property=\"article:modified_time\" content=\"2024-07-11T19:13:17+00:00\" \/>\n<meta property=\"og:image\" content=\"https:\/\/mairiedekoussy.sn\/wp-content\/uploads\/2024\/07\/5.png\" \/>\n\t<meta property=\"og:image:width\" content=\"1280\" \/>\n\t<meta property=\"og:image:height\" content=\"406\" \/>\n\t<meta property=\"og:image:type\" content=\"image\/png\" \/>\n<meta name=\"twitter:card\" content=\"summary_large_image\" \/>\n<meta name=\"twitter:label1\" content=\"Est. reading time\" \/>\n\t<meta name=\"twitter:data1\" content=\"1 minute\" \/>\n<script type=\"application\/ld+json\" class=\"yoast-schema-graph\">{\"@context\":\"https:\/\/schema.org\",\"@graph\":[{\"@type\":\"WebPage\",\"@id\":\"https:\/\/mairiedekoussy.sn\/index.php\/la-municipalite\/\",\"url\":\"https:\/\/mairiedekoussy.sn\/index.php\/la-municipalite\/\",\"name\":\"la municipalit\u00e9 -\",\"isPartOf\":{\"@id\":\"https:\/\/mairiedekoussy.sn\/#website\"},\"primaryImageOfPage\":{\"@id\":\"https:\/\/mairiedekoussy.sn\/index.php\/la-municipalite\/#primaryimage\"},\"image\":{\"@id\":\"https:\/\/mairiedekoussy.sn\/index.php\/la-municipalite\/#primaryimage\"},\"thumbnailUrl\":\"https:\/\/mairiedekoussy.sn\/wp-content\/uploads\/2024\/07\/5.png\",\"datePublished\":\"2024-06-21T10:18:07+00:00\",\"dateModified\":\"2024-07-11T19:13:17+00:00\",\"breadcrumb\":{\"@id\":\"https:\/\/mairiedekoussy.sn\/index.php\/la-municipalite\/#breadcrumb\"},\"inLanguage\":\"en-US\",\"potentialAction\":[{\"@type\":\"ReadAction\",\"target\":[\"https:\/\/mairiedekoussy.sn\/index.php\/la-municipalite\/\"]}]},{\"@type\":\"ImageObject\",\"inLanguage\":\"en-US\",\"@id\":\"https:\/\/mairiedekoussy.sn\/index.php\/la-municipalite\/#primaryimage\",\"url\":\"https:\/\/mairiedekoussy.sn\/wp-content\/uploads\/2024\/07\/5.png\",\"contentUrl\":\"https:\/\/mairiedekoussy.sn\/wp-content\/uploads\/2024\/07\/5.png\",\"width\":1280,\"height\":406,\"caption\":\"DEVANTURE HOTEL DE VILLE DE KOUSSY\"},{\"@type\":\"BreadcrumbList\",\"@id\":\"https:\/\/mairiedekoussy.sn\/index.php\/la-municipalite\/#breadcrumb\",\"itemListElement\":[{\"@type\":\"ListItem\",\"position\":1,\"name\":\"Accueil\",\"item\":\"https:\/\/mairiedekoussy.sn\/\"},{\"@type\":\"ListItem\",\"position\":2,\"name\":\"la municipalit\u00e9\"}]},{\"@type\":\"WebSite\",\"@id\":\"https:\/\/mairiedekoussy.sn\/#website\",\"url\":\"https:\/\/mairiedekoussy.sn\/\",\"name\":\"\",\"description\":\"commune de koussy\",\"potentialAction\":[{\"@type\":\"SearchAction\",\"target\":{\"@type\":\"EntryPoint\",\"urlTemplate\":\"https:\/\/mairiedekoussy.sn\/?s={search_term_string}\"},\"query-input\":\"required name=search_term_string\"}],\"inLanguage\":\"en-US\"}]}<\/script>\n<!-- \/ Yoast SEO plugin. -->","yoast_head_json":{"title":"la municipalit\u00e9 -","robots":{"index":"index","follow":"follow","max-snippet":"max-snippet:-1","max-image-preview":"max-image-preview:large","max-video-preview":"max-video-preview:-1"},"canonical":"https:\/\/mairiedekoussy.sn\/index.php\/la-municipalite\/","og_locale":"en_US","og_type":"article","og_title":"la municipalit\u00e9 -","og_description":"Situ\u00e9e dans la r\u00e9gion de S\u00e9dhiou, Koussy est un point de convergence pour le commerce et les \u00e9changes culturels, gr\u00e2ce \u00e0 son emplacement g\u00e9ographique favorable. La commune abrite une population diversifi\u00e9e et dynamique, reconnue pour","og_url":"https:\/\/mairiedekoussy.sn\/index.php\/la-municipalite\/","article_publisher":"https:\/\/www.facebook.com\/share\/Vy7t9REz7w215B7N\/?mibextid=LQQJ4d","article_modified_time":"2024-07-11T19:13:17+00:00","og_image":[{"width":1280,"height":406,"url":"https:\/\/mairiedekoussy.sn\/wp-content\/uploads\/2024\/07\/5.png","type":"image\/png"}],"twitter_card":"summary_large_image","twitter_misc":{"Est. reading time":"1 minute"},"schema":{"@context":"https:\/\/schema.org","@graph":[{"@type":"WebPage","@id":"https:\/\/mairiedekoussy.sn\/index.php\/la-municipalite\/","url":"https:\/\/mairiedekoussy.sn\/index.php\/la-municipalite\/","name":"la municipalit\u00e9 -","isPartOf":{"@id":"https:\/\/mairiedekoussy.sn\/#website"},"primaryImageOfPage":{"@id":"https:\/\/mairiedekoussy.sn\/index.php\/la-municipalite\/#primaryimage"},"image":{"@id":"https:\/\/mairiedekoussy.sn\/index.php\/la-municipalite\/#primaryimage"},"thumbnailUrl":"https:\/\/mairiedekoussy.sn\/wp-content\/uploads\/2024\/07\/5.png","datePublished":"2024-06-21T10:18:07+00:00","dateModified":"2024-07-11T19:13:17+00:00","breadcrumb":{"@id":"https:\/\/mairiedekoussy.sn\/index.php\/la-municipalite\/#breadcrumb"},"inLanguage":"en-US","potentialAction":[{"@type":"ReadAction","target":["https:\/\/mairiedekoussy.sn\/index.php\/la-municipalite\/"]}]},{"@type":"ImageObject","inLanguage":"en-US","@id":"https:\/\/mairiedekoussy.sn\/index.php\/la-municipalite\/#primaryimage","url":"https:\/\/mairiedekoussy.sn\/wp-content\/uploads\/2024\/07\/5.png","contentUrl":"https:\/\/mairiedekoussy.sn\/wp-content\/uploads\/2024\/07\/5.png","width":1280,"height":406,"caption":"DEVANTURE HOTEL DE VILLE DE KOUSSY"},{"@type":"BreadcrumbList","@id":"https:\/\/mairiedekoussy.sn\/index.php\/la-municipalite\/#breadcrumb","itemListElement":[{"@type":"ListItem","position":1,"name":"Accueil","item":"https:\/\/mairiedekoussy.sn\/"},{"@type":"ListItem","position":2,"name":"la municipalit\u00e9"}]},{"@type":"WebSite","@id":"https:\/\/mairiedekoussy.sn\/#website","url":"https:\/\/mairiedekoussy.sn\/","name":"","description":"commune de koussy","potentialAction":[{"@type":"SearchAction","target":{"@type":"EntryPoint","urlTemplate":"https:\/\/mairiedekoussy.sn\/?s={search_term_string}"},"query-input":"required name=search_term_string"}],"inLanguage":"en-US"}]}},"_links":{"self":[{"href":"https:\/\/mairiedekoussy.sn\/index.php\/wp-json\/wp\/v2\/pages\/7","targetHints":{"allow":["GET"]}}],"collection":[{"href":"https:\/\/mairiedekoussy.sn\/index.php\/wp-json\/wp\/v2\/pages"}],"about":[{"href":"https:\/\/mairiedekoussy.sn\/index.php\/wp-json\/wp\/v2\/types\/page"}],"author":[{"embeddable":true,"href":"https:\/\/mairiedekoussy.sn\/index.php\/wp-json\/wp\/v2\/users\/1"}],"replies":[{"embeddable":true,"href":"https:\/\/mairiedekoussy.sn\/index.php\/wp-json\/wp\/v2\/comments?post=7"}],"version-history":[{"count":10,"href":"https:\/\/mairiedekoussy.sn\/index.php\/wp-json\/wp\/v2\/pages\/7\/revisions"}],"predecessor-version":[{"id":349,"href":"https:\/\/mairiedekoussy.sn\/index.php\/wp-json\/wp\/v2\/pages\/7\/revisions\/349"}],"wp:featuredmedia":[{"embeddable":true,"href":"https:\/\/mairiedekoussy.sn\/index.php\/wp-json\/wp\/v2\/media\/324"}],"wp:attachment":[{"href":"https:\/\/mairiedekoussy.sn\/index.php\/wp-json\/wp\/v2\/media?parent=7"}],"curies":[{"name":"wp","href":"https:\/\/api.w.org\/{rel}","templated":true}]}}